{"id":2,"date":"2014-01-14T14:02:18","date_gmt":"2014-01-14T14:02:18","guid":{"rendered":"http:\/\/caniassuitesurbanas.com.ar\/?page_id=2"},"modified":"2024-11-22T14:32:36","modified_gmt":"2024-11-22T17:32:36","slug":"home","status":"publish","type":"page","link":"https:\/\/caniassuitesurbanas.com.ar\/vcb\/","title":{"rendered":"<span style=\"padding-top:92px\" id=\"canias\">Ca\u00f1as Suites Urbanas<\/span>"},"content":{"rendered":"<h3><strong>Ca\u00f1as est\u00e1 cerca de todo.<\/strong><\/h3>\n<p>Ca\u00f1as introduce en Villa Cura Brochero el concepto de Suites Urbanas: habitaciones de primer nivel, con detalles de dise\u00f1o y calidad, con todos los servicios y en pleno centro de Mina Clavero.<\/p>\n\n\n<figure data-carousel-extra='{\"blog_id\":2,\"permalink\":\"https:\\\/\\\/caniassuitesurbanas.com.ar\\\/vcb\\\/\"}'  class=\"wp-block-gallery has-nested-images columns-default is-cropped wp-block-gallery-1 is-layout-flex wp-block-gallery-is-layout-flex\">\n<figure class=\"wp-block-image size-medium is-style-default\"><a href=\"https:\/\/i0.wp.com\/caniassuitesurbanas.com.ar\/vcb\/wp-content\/uploads\/sites\/2\/2024\/11\/cropped-IMG_8623.jpg?ssl=1\"><img data-attachment-id=\"860\" data-permalink=\"https:\/\/caniassuitesurbanas.com.ar\/vcb\/cropped-img_8623-jpg\/\" data-orig-file=\"https:\/\/i0.wp.com\/caniassuitesurbanas.com.ar\/vcb\/wp-content\/uploads\/sites\/2\/2024\/11\/cropped-IMG_8623.jpg?fit=2000%2C1276&amp;ssl=1\" data-orig-size=\"2000,1276\" data-comments-opened=\"1\" data-image-meta=\"{&quot;aperture&quot;:&quot;0&quot;,&quot;credit&quot;:&quot;&quot;,&quot;camera&quot;:&quot;&quot;,&quot;caption&quot;:&quot;&quot;,&quot;created_timestamp&quot;:&quot;0&quot;,&quot;copyright&quot;:&quot;&quot;,&quot;focal_length&quot;:&quot;0&quot;,&quot;iso&quot;:&quot;0&quot;,&quot;shutter_speed&quot;:&quot;0&quot;,&quot;title&quot;:&quot;&quot;,&quot;orientation&quot;:&quot;1&quot;}\" data-image-title=\"cropped-IMG_8623.jpg\" data-image-description=\"\" data-image-caption=\"\" data-medium-file=\"https:\/\/i0.wp.com\/caniassuitesurbanas.com.ar\/vcb\/wp-content\/uploads\/sites\/2\/2024\/11\/cropped-IMG_8623.jpg?fit=300%2C191&amp;ssl=1\" data-large-file=\"https:\/\/i0.wp.com\/caniassuitesurbanas.com.ar\/vcb\/wp-content\/uploads\/sites\/2\/2024\/11\/cropped-IMG_8623.jpg?fit=525%2C335&amp;ssl=1\" decoding=\"async\" loading=\"lazy\" width=\"300\" height=\"191\" data-id=\"860\" src=\"https:\/\/i0.wp.com\/caniassuitesurbanas.com.ar\/vcb\/wp-content\/uploads\/sites\/2\/2024\/11\/cropped-IMG_8623.jpg?resize=300%2C191&#038;ssl=1\" alt=\"\" class=\"wp-image-860\" srcset=\"https:\/\/i0.wp.com\/caniassuitesurbanas.com.ar\/vcb\/wp-content\/uploads\/sites\/2\/2024\/11\/cropped-IMG_8623.jpg?resize=300%2C191&amp;ssl=1 300w, https:\/\/i0.wp.com\/caniassuitesurbanas.com.ar\/vcb\/wp-content\/uploads\/sites\/2\/2024\/11\/cropped-IMG_8623.jpg?resize=1024%2C653&amp;ssl=1 1024w, https:\/\/i0.wp.com\/caniassuitesurbanas.com.ar\/vcb\/wp-content\/uploads\/sites\/2\/2024\/11\/cropped-IMG_8623.jpg?resize=768%2C490&amp;ssl=1 768w, https:\/\/i0.wp.com\/caniassuitesurbanas.com.ar\/vcb\/wp-content\/uploads\/sites\/2\/2024\/11\/cropped-IMG_8623.jpg?resize=1536%2C980&amp;ssl=1 1536w, https:\/\/i0.wp.com\/caniassuitesurbanas.com.ar\/vcb\/wp-content\/uploads\/sites\/2\/2024\/11\/cropped-IMG_8623.jpg?w=2000&amp;ssl=1 2000w\" sizes=\"(max-width: 300px) 100vw, 300px\" data-recalc-dims=\"1\" \/><\/a><\/figure>\n\n\n\n<figure class=\"wp-block-image size-medium\"><a href=\"https:\/\/i0.wp.com\/caniassuitesurbanas.com.ar\/vcb\/wp-content\/uploads\/sites\/2\/2024\/11\/20220127_202033-scaled.jpg?ssl=1\"><img data-attachment-id=\"863\" data-permalink=\"https:\/\/caniassuitesurbanas.com.ar\/vcb\/20220127_202033\/\" data-orig-file=\"https:\/\/i0.wp.com\/caniassuitesurbanas.com.ar\/vcb\/wp-content\/uploads\/sites\/2\/2024\/11\/20220127_202033-scaled.jpg?fit=2560%2C1920&amp;ssl=1\" data-orig-size=\"2560,1920\" data-comments-opened=\"1\" data-image-meta=\"{&quot;aperture&quot;:&quot;2&quot;,&quot;credit&quot;:&quot;&quot;,&quot;camera&quot;:&quot;SM-G996B&quot;,&quot;caption&quot;:&quot;&quot;,&quot;created_timestamp&quot;:&quot;1643314833&quot;,&quot;copyright&quot;:&quot;&quot;,&quot;focal_length&quot;:&quot;5.9&quot;,&quot;iso&quot;:&quot;50&quot;,&quot;shutter_speed&quot;:&quot;0.01&quot;,&quot;title&quot;:&quot;&quot;,&quot;orientation&quot;:&quot;1&quot;}\" data-image-title=\"20220127_202033\" data-image-description=\"\" data-image-caption=\"\" data-medium-file=\"https:\/\/i0.wp.com\/caniassuitesurbanas.com.ar\/vcb\/wp-content\/uploads\/sites\/2\/2024\/11\/20220127_202033-scaled.jpg?fit=300%2C225&amp;ssl=1\" data-large-file=\"https:\/\/i0.wp.com\/caniassuitesurbanas.com.ar\/vcb\/wp-content\/uploads\/sites\/2\/2024\/11\/20220127_202033-scaled.jpg?fit=525%2C394&amp;ssl=1\" decoding=\"async\" loading=\"lazy\" width=\"300\" height=\"225\" data-id=\"863\" src=\"https:\/\/i0.wp.com\/caniassuitesurbanas.com.ar\/vcb\/wp-content\/uploads\/sites\/2\/2024\/11\/20220127_202033.jpg?resize=300%2C225&#038;ssl=1\" alt=\"\" class=\"wp-image-863\" srcset=\"https:\/\/i0.wp.com\/caniassuitesurbanas.com.ar\/vcb\/wp-content\/uploads\/sites\/2\/2024\/11\/20220127_202033-scaled.jpg?resize=300%2C225&amp;ssl=1 300w, https:\/\/i0.wp.com\/caniassuitesurbanas.com.ar\/vcb\/wp-content\/uploads\/sites\/2\/2024\/11\/20220127_202033-scaled.jpg?resize=1024%2C768&amp;ssl=1 1024w, https:\/\/i0.wp.com\/caniassuitesurbanas.com.ar\/vcb\/wp-content\/uploads\/sites\/2\/2024\/11\/20220127_202033-scaled.jpg?resize=768%2C576&amp;ssl=1 768w, https:\/\/i0.wp.com\/caniassuitesurbanas.com.ar\/vcb\/wp-content\/uploads\/sites\/2\/2024\/11\/20220127_202033-scaled.jpg?resize=1536%2C1152&amp;ssl=1 1536w, https:\/\/i0.wp.com\/caniassuitesurbanas.com.ar\/vcb\/wp-content\/uploads\/sites\/2\/2024\/11\/20220127_202033-scaled.jpg?resize=2048%2C1536&amp;ssl=1 2048w\" sizes=\"(max-width: 300px) 100vw, 300px\" data-recalc-dims=\"1\" \/><\/a><\/figure>\n\n\n\n<figure class=\"wp-block-image size-medium\"><a href=\"https:\/\/i0.wp.com\/caniassuitesurbanas.com.ar\/vcb\/wp-content\/uploads\/sites\/2\/2024\/11\/cropped-IMG_8628-scaled-1.jpg?ssl=1\"><img data-attachment-id=\"861\" data-permalink=\"https:\/\/caniassuitesurbanas.com.ar\/vcb\/cropped-img_8628-scaled-1-jpg\/\" data-orig-file=\"https:\/\/i0.wp.com\/caniassuitesurbanas.com.ar\/vcb\/wp-content\/uploads\/sites\/2\/2024\/11\/cropped-IMG_8628-scaled-1.jpg?fit=2000%2C1198&amp;ssl=1\" data-orig-size=\"2000,1198\" data-comments-opened=\"1\" data-image-meta=\"{&quot;aperture&quot;:&quot;0&quot;,&quot;credit&quot;:&quot;&quot;,&quot;camera&quot;:&quot;&quot;,&quot;caption&quot;:&quot;&quot;,&quot;created_timestamp&quot;:&quot;0&quot;,&quot;copyright&quot;:&quot;&quot;,&quot;focal_length&quot;:&quot;0&quot;,&quot;iso&quot;:&quot;0&quot;,&quot;shutter_speed&quot;:&quot;0&quot;,&quot;title&quot;:&quot;&quot;,&quot;orientation&quot;:&quot;1&quot;}\" data-image-title=\"cropped-IMG_8628-scaled-1.jpg\" data-image-description=\"\" data-image-caption=\"\" data-medium-file=\"https:\/\/i0.wp.com\/caniassuitesurbanas.com.ar\/vcb\/wp-content\/uploads\/sites\/2\/2024\/11\/cropped-IMG_8628-scaled-1.jpg?fit=300%2C180&amp;ssl=1\" data-large-file=\"https:\/\/i0.wp.com\/caniassuitesurbanas.com.ar\/vcb\/wp-content\/uploads\/sites\/2\/2024\/11\/cropped-IMG_8628-scaled-1.jpg?fit=525%2C314&amp;ssl=1\" decoding=\"async\" loading=\"lazy\" width=\"300\" height=\"180\" data-id=\"861\" src=\"https:\/\/i0.wp.com\/caniassuitesurbanas.com.ar\/vcb\/wp-content\/uploads\/sites\/2\/2024\/11\/cropped-IMG_8628-scaled-1.jpg?resize=300%2C180&#038;ssl=1\" alt=\"\" class=\"wp-image-861\" srcset=\"https:\/\/i0.wp.com\/caniassuitesurbanas.com.ar\/vcb\/wp-content\/uploads\/sites\/2\/2024\/11\/cropped-IMG_8628-scaled-1.jpg?resize=300%2C180&amp;ssl=1 300w, https:\/\/i0.wp.com\/caniassuitesurbanas.com.ar\/vcb\/wp-content\/uploads\/sites\/2\/2024\/11\/cropped-IMG_8628-scaled-1.jpg?resize=1024%2C613&amp;ssl=1 1024w, https:\/\/i0.wp.com\/caniassuitesurbanas.com.ar\/vcb\/wp-content\/uploads\/sites\/2\/2024\/11\/cropped-IMG_8628-scaled-1.jpg?resize=768%2C460&amp;ssl=1 768w, https:\/\/i0.wp.com\/caniassuitesurbanas.com.ar\/vcb\/wp-content\/uploads\/sites\/2\/2024\/11\/cropped-IMG_8628-scaled-1.jpg?resize=1536%2C920&amp;ssl=1 1536w, https:\/\/i0.wp.com\/caniassuitesurbanas.com.ar\/vcb\/wp-content\/uploads\/sites\/2\/2024\/11\/cropped-IMG_8628-scaled-1.jpg?w=2000&amp;ssl=1 2000w\" sizes=\"(max-width: 300px) 100vw, 300px\" data-recalc-dims=\"1\" \/><\/a><\/figure>\n<\/figure>\n","protected":false},"excerpt":{"rendered":"<p>Ca\u00f1as est\u00e1 cerca de todo. Ca\u00f1as introduce en Villa Cura Brochero el concepto de Suites Urbanas: habitaciones de primer nivel, con detalles de dise\u00f1o y calidad, con todos los servicios y en pleno centro de Mina Clavero.<\/p>\n","protected":false},"author":1,"featured_media":0,"parent":0,"menu_order":0,"comment_status":"closed","ping_status":"closed","template":"","meta":{"footnotes":""},"acf":[],"jetpack_sharing_enabled":true,"jetpack_shortlink":"https:\/\/wp.me\/PflIB4-2","_links":{"self":[{"href":"https:\/\/caniassuitesurbanas.com.ar\/vcb\/wp-json\/wp\/v2\/pages\/2"}],"collection":[{"href":"https:\/\/caniassuitesurbanas.com.ar\/vcb\/wp-json\/wp\/v2\/pages"}],"about":[{"href":"https:\/\/caniassuitesurbanas.com.ar\/vcb\/wp-json\/wp\/v2\/types\/page"}],"author":[{"embeddable":true,"href":"https:\/\/caniassuitesurbanas.com.ar\/vcb\/wp-json\/wp\/v2\/users\/1"}],"replies":[{"embeddable":true,"href":"https:\/\/caniassuitesurbanas.com.ar\/vcb\/wp-json\/wp\/v2\/comments?post=2"}],"version-history":[{"count":30,"href":"https:\/\/caniassuitesurbanas.com.ar\/vcb\/wp-json\/wp\/v2\/pages\/2\/revisions"}],"predecessor-version":[{"id":870,"href":"https:\/\/caniassuitesurbanas.com.ar\/vcb\/wp-json\/wp\/v2\/pages\/2\/revisions\/870"}],"wp:attachment":[{"href":"https:\/\/caniassuitesurbanas.com.ar\/vcb\/wp-json\/wp\/v2\/media?parent=2"}],"curies":[{"name":"wp","href":"https:\/\/api.w.org\/{rel}","templated":true}]}}